{"id":32,"date":"2019-07-29T21:54:13","date_gmt":"2019-07-29T19:54:13","guid":{"rendered":"http:\/\/erpc.be\/?page_id=32"},"modified":"2026-04-24T08:30:04","modified_gmt":"2026-04-24T06:30:04","slug":"contacts","status":"publish","type":"page","link":"https:\/\/www.erpc.be\/index.php\/contacts\/","title":{"rendered":"Contacts"},"content":{"rendered":"\n<figure class=\"wp-block-table\"><table><tbody><tr><td><strong>Euro&nbsp;Road&nbsp;Professional&nbsp;Cleaning s.a.<\/strong><\/td><\/tr><\/tbody><\/table><\/figure>\n\n\n\n<p>Zoning de Courcelles<\/p>\n\n\n\n<p>rue du Hainaut, 8-16<\/p>\n\n\n\n<p>6180 Courcelles<\/p>\n\n\n\n<p>Tel: +32 71 469520<\/p>\n\n\n\n<p>Fax: +32 71 469539<\/p>\n\n\n\n<p>Email:&nbsp;<a href=\"mailto:tank-cleaning@erpc.be\">tank-cleaning@erpc.be<\/a><\/p>\n\n\n\n<iframe loading=\"lazy\" src=\"https:\/\/www.google.com\/maps\/embed?pb=!1m18!1m12!1m3!1d81351.41322110147!2d4.344875435554241!3d50.4181552589302!2m3!1f0!2f0!3f0!3m2!1i1024!2i768!4f13.1!3m3!1m2!1s0x47c22e2ecf6111e3%3A0x5553eb7c788106ca!2sERPC+Euro+Road+Professional+Cleaning!5e0!3m2!1sfr!2sbe!4v1564472449941!5m2!1sfr!2sbe\" width=\"600\" height=\"450\" frameborder=\"0\" style=\"border:0\" allowfullscreen=\"\"><\/iframe>\n\n\n\n<p class=\"has-text-align-right\"><em>E42 Mons\/Li\u00e8ge&nbsp;<\/em><\/p>\n\n\n\n<p class=\"has-text-align-right\"><em>Sortie 17 (Courcelles)<\/em><\/p>\n\n\n\n<p class=\"has-text-align-right\"><em>En venant de Mons, prendre \u00e0 droite<\/em><\/p>\n\n\n\n<p class=\"has-text-align-right\"><em>et de Li\u00e8ge, prendre \u00e0 gauche<\/em><\/p>\n\n\n\n<p class=\"has-text-align-right\"><em>Ensuite premi\u00e8re route \u00e0 gauche<\/em><\/p>\n\n\n\n<p class=\"has-text-align-right\"><em>1er b\u00e2timent \u00e0 droite dans la zone industrielle<\/em><\/p>\n\n\n\n<p><strong><em>Pour le lavage:<\/em><\/strong><\/p>\n\n\n\n<p class=\"has-text-align-center\">Rudy VANDEVELDE<\/p>\n\n\n\n<p class=\"has-text-align-center\">Tel: +32 71 46 95 24<\/p>\n\n\n\n<p class=\"has-text-align-center\">GSM: +32 496 266902<\/p>\n\n\n\n<p class=\"has-text-align-center\">Email:&nbsp;<a href=\"mailto:rudy.vandevelde@erpc.be\">rudy.vandevelde@erpc.be<\/a><\/p>\n\n\n\n<p><\/p>\n\n\n\n<p>&nbsp;<strong><em>Pour la station d\u2019\u00e9puration:<\/em><\/strong><\/p>\n\n\n\n<p class=\"has-text-align-center\">Eric VANDEVELDE<\/p>\n\n\n\n<p class=\"has-text-align-center\">Tel: +32 71 46 95 44<\/p>\n\n\n\n<p class=\"has-text-align-center\">GSM: +32 475 284558<\/p>\n\n\n\n<p class=\"has-text-align-center\">Email:\u00a0<a href=\"mailto:eric.vandevelde@erpc.be\">eric.vandevelde@erpc.be<\/a><\/p>\n\n\n\n<p><strong><em>Pour la comptabilit\u00e9<\/em><\/strong> :<\/p>\n\n\n\n<p class=\"has-text-align-center\">Sabine  PIERARD<\/p>\n\n\n\n<p class=\"has-text-align-center\">T\u00e9l. : +32 71 46 95 25<\/p>\n\n\n\n<p class=\"has-text-align-center\">Fax. : +32 71 46 95 40<\/p>\n\n\n\n<p class=\"has-text-align-center\">Email : <a href=\"comptabilite@erpc.be\">comptabilite@erpc.be<\/a><\/p>\n\n\n\n<p><\/p>\n","protected":false},"excerpt":{"rendered":"<p>Euro&nbsp;Road&nbsp;Professional&nbsp;Cleaning s.a. Zoning de Courcelles rue du Hainaut, 8-16 6180 Courcelles Tel: +32 71 469520 Fax: +32 71 469539 Email:&nbsp;tank-cleaning@erpc.be E42 Mons\/Li\u00e8ge&nbsp; Sortie 17 (Courcelles) En venant de Mons, prendre \u00e0 droite et de Li\u00e8ge, prendre \u00e0 gauche Ensuite premi\u00e8re route \u00e0 gauche 1er b\u00e2timent \u00e0 droite dans la zone industrielle Pour le lavage: Rudy [&hellip;]<\/p>\n","protected":false},"author":1,"featured_media":0,"parent":0,"menu_order":0,"comment_status":"closed","ping_status":"closed","template":"","meta":{"footnotes":""},"class_list":["post-32","page","type-page","status-publish","hentry"],"jetpack_sharing_enabled":true,"_links":{"self":[{"href":"https:\/\/www.erpc.be\/index.php\/wp-json\/wp\/v2\/pages\/32","targetHints":{"allow":["GET"]}}],"collection":[{"href":"https:\/\/www.erpc.be\/index.php\/wp-json\/wp\/v2\/pages"}],"about":[{"href":"https:\/\/www.erpc.be\/index.php\/wp-json\/wp\/v2\/types\/page"}],"author":[{"embeddable":true,"href":"https:\/\/www.erpc.be\/index.php\/wp-json\/wp\/v2\/users\/1"}],"replies":[{"embeddable":true,"href":"https:\/\/www.erpc.be\/index.php\/wp-json\/wp\/v2\/comments?post=32"}],"version-history":[{"count":10,"href":"https:\/\/www.erpc.be\/index.php\/wp-json\/wp\/v2\/pages\/32\/revisions"}],"predecessor-version":[{"id":305,"href":"https:\/\/www.erpc.be\/index.php\/wp-json\/wp\/v2\/pages\/32\/revisions\/305"}],"wp:attachment":[{"href":"https:\/\/www.erpc.be\/index.php\/wp-json\/wp\/v2\/media?parent=32"}],"curies":[{"name":"wp","href":"https:\/\/api.w.org\/{rel}","templated":true}]}}