{"id":48,"date":"2019-07-30T09:00:21","date_gmt":"2019-07-30T07:00:21","guid":{"rendered":"https:\/\/erpc.be\/?page_id=48"},"modified":"2026-04-24T08:25:28","modified_gmt":"2026-04-24T06:25:28","slug":"accueil","status":"publish","type":"page","link":"https:\/\/www.erpc.be\/","title":{"rendered":"Accueil"},"content":{"rendered":"\n<div class=\"wp-block-media-text alignwide is-stacked-on-mobile\" style=\"grid-template-columns:85% auto\"><figure class=\"wp-block-media-text__media\"><video controls src=\"https:\/\/www.erpc.be\/wp-content\/uploads\/2019\/07\/Vandevelde.mp4\"><\/video><\/figure><div class=\"wp-block-media-text__content\">\n<p class=\"has-large-font-size\">ERPC<\/p>\n<\/div><\/div>\n\n\n\n<p><\/p>\n\n\n\n<p><strong><mark style=\"background-color:#fcb900\" class=\"has-inline-color has-black-color\">Fermeture 2026<\/mark><\/strong><\/p>\n\n\n\n<ul class=\"wp-block-list\">\n<li>Vendredi 1<sup>er<\/sup> mai 2026<\/li>\n\n\n\n<li>Jeudi 14 mai 2026<\/li>\n\n\n\n<li>Lundi 25 mai 2026<\/li>\n\n\n\n<li>Mardi 21 juillet 2026<\/li>\n\n\n\n<li>Samedi 15 ao\u00fbt 2026<\/li>\n\n\n\n<li>Mercredi 11 novembre 2026<\/li>\n<\/ul>\n\n\n\n<p><strong><em>HEURES D\u2019OUVERTURE DE LA STATION:<\/em><\/strong><\/p>\n\n\n\n<p><strong><em>Lavage INT\u00c9RIEUR<\/em><\/strong><\/p>\n\n\n\n<p>Du lundi au vendredi de 06h00 \u00e0 22h00<\/p>\n\n\n\n<p>Le samedi de 06h00 \u00e0 12h00<br><\/p>\n\n\n\n<p><strong><em>Lavage EXT\u00c9RIEUR<\/em><\/strong><\/p>\n\n\n\n<p>Du lundi au vendredi de 07h15 \u00e0 22h00<\/p>\n\n\n\n<p><strong><mark style=\"background-color:rgba(0, 0, 0, 0)\" class=\"has-inline-color has-vivid-red-color\">Fermeture le samedi<\/mark><mark style=\"background-color:rgba(0, 0, 0, 0)\" class=\"has-inline-color has-luminous-vivid-amber-color\">&nbsp;<\/mark><\/strong><\/p>\n\n\n\n<p><em>Webmaster FontSoft (c) 2006-2026<br>Last update 24-04-2026<\/em><\/p>\n","protected":false},"excerpt":{"rendered":"<p>ERPC Fermeture 2026 HEURES D\u2019OUVERTURE DE LA STATION: Lavage INT\u00c9RIEUR Du lundi au vendredi de 06h00 \u00e0 22h00 Le samedi de 06h00 \u00e0 12h00 Lavage EXT\u00c9RIEUR Du lundi au vendredi de 07h15 \u00e0 22h00 Fermeture le samedi&nbsp; Webmaster FontSoft (c) 2006-2026Last update 24-04-2026<\/p>\n","protected":false},"author":1,"featured_media":0,"parent":0,"menu_order":0,"comment_status":"closed","ping_status":"closed","template":"","meta":{"footnotes":""},"class_list":["post-48","page","type-page","status-publish","hentry"],"jetpack_sharing_enabled":true,"_links":{"self":[{"href":"https:\/\/www.erpc.be\/index.php\/wp-json\/wp\/v2\/pages\/48","targetHints":{"allow":["GET"]}}],"collection":[{"href":"https:\/\/www.erpc.be\/index.php\/wp-json\/wp\/v2\/pages"}],"about":[{"href":"https:\/\/www.erpc.be\/index.php\/wp-json\/wp\/v2\/types\/page"}],"author":[{"embeddable":true,"href":"https:\/\/www.erpc.be\/index.php\/wp-json\/wp\/v2\/users\/1"}],"replies":[{"embeddable":true,"href":"https:\/\/www.erpc.be\/index.php\/wp-json\/wp\/v2\/comments?post=48"}],"version-history":[{"count":49,"href":"https:\/\/www.erpc.be\/index.php\/wp-json\/wp\/v2\/pages\/48\/revisions"}],"predecessor-version":[{"id":303,"href":"https:\/\/www.erpc.be\/index.php\/wp-json\/wp\/v2\/pages\/48\/revisions\/303"}],"wp:attachment":[{"href":"https:\/\/www.erpc.be\/index.php\/wp-json\/wp\/v2\/media?parent=48"}],"curies":[{"name":"wp","href":"https:\/\/api.w.org\/{rel}","templated":true}]}}